{"id":7,"date":"2018-11-29T14:10:47","date_gmt":"2018-11-29T14:10:47","guid":{"rendered":"http:\/\/supervision-michaelschneider.de\/?page_id=7"},"modified":"2019-01-10T22:08:37","modified_gmt":"2019-01-10T22:08:37","slug":"ueber-mich","status":"publish","type":"page","link":"http:\/\/supervision-michaelschneider.de\/?page_id=7","title":{"rendered":"\u00dcber mich"},"content":{"rendered":"\n<div class=\"wp-block-image\"><figure class=\"alignright is-resized\"><img decoding=\"async\" loading=\"lazy\" src=\"http:\/\/supervision-michaelschneider.de\/wp-content\/uploads\/2018\/11\/2017-05-geschnitten-768x1024.jpg\" alt=\"\" class=\"wp-image-34\" width=\"254\" height=\"338\" srcset=\"http:\/\/supervision-michaelschneider.de\/wp-content\/uploads\/2018\/11\/2017-05-geschnitten-768x1024.jpg 768w, http:\/\/supervision-michaelschneider.de\/wp-content\/uploads\/2018\/11\/2017-05-geschnitten-225x300.jpg 225w, http:\/\/supervision-michaelschneider.de\/wp-content\/uploads\/2018\/11\/2017-05-geschnitten.jpg 1985w\" sizes=\"(max-width: 254px) 100vw, 254px\" \/><\/figure><\/div>\n\n\n\n<pre class=\"wp-block-verse\">Michael Schneider<br>Jahrgang 1979<br>Supervisor<br>Dipl.-Sozialp\u00e4dagoge (FH)<br>Focusing-Berater (DAF)<br>Stimm-Trainer<br><br><\/pre>\n\n\n\n<p><br><\/p>\n\n\n\n<h3>Ein paar Eckdaten<br><\/h3>\n\n\n\n<ul><li>seit Mai 2018 Masterstudium Supervision und Beratung in Bielefeld<\/li><li>seit 2015 freiberuflich t\u00e4tig als Focusing-Berater und Coach<\/li><li>seit 2005 besch\u00e4ftigt in der Kirchlichen Jugendarbeit (kja) der Di\u00f6zese W\u00fcrzburg<\/li><li>2005 Diplom Soziale Arbeit (FH)<\/li><li>1979 geboren in W\u00fcrzburg<\/li><\/ul>\n\n\n\n<p><\/p>\n\n\n\n<h2>Das Unsagbare muss nicht unsagbar bleiben<\/h2>\n\n\n\n<p>Seit ich Focusing und erlebensorientiertes Denken kennengelernt habe, wei\u00df ich, wie lohnend es ist, mit dem zu Verweilen, was sp\u00fcrbar ist, aber noch nicht gesagt werden kann. Es ist eben erstmal ein punktpunktpunkt. Und dann steckt dort vieles drin.<\/p>\n\n\n\n<p>Denken und Erleben, Verweilen und Weitergehen, in der Mitte sein und nach au\u00dfen wirken, Bedeutung verstehen und Dinge fortsetzen. Das sind ein paar Beispiele dessen, was sich im Leben rhythmisch ausdr\u00fcckt. Diese Pendelbewegung interessiert mich. Sie bringt neue Schritte hervor, frische M\u00f6glichkeiten zur Ver\u00e4nderung, neue Details zur Fortsetzung eines Projekts oder zur L\u00f6sung eines Problems.<\/p>\n","protected":false},"excerpt":{"rendered":"<p>Michael SchneiderJahrgang 1979SupervisorDipl.-Sozialp\u00e4dagoge (FH)Focusing-Berater (DAF)Stimm-Trainer Ein paar Eckdaten seit Mai 2018 Masterstudium Supervision und Beratung in Bielefeld seit 2015 freiberuflich t\u00e4tig als Focusing-Berater und Coach seit 2005 besch\u00e4ftigt in der Kirchlichen Jugendarbeit (kja) der Di\u00f6zese W\u00fcrzburg 2005 Diplom Soziale Arbeit (FH) 1979 geboren in W\u00fcrzburg Das Unsagbare muss nicht unsagbar bleiben Seit ich Focusing und &hellip; <\/p>\n<p class=\"link-more\"><a href=\"http:\/\/supervision-michaelschneider.de\/?page_id=7\" class=\"more-link\"><span class=\"screen-reader-text\">\u201e\u00dcber mich\u201c<\/span> weiterlesen<\/a><\/p>\n","protected":false},"author":1,"featured_media":0,"parent":0,"menu_order":0,"comment_status":"closed","ping_status":"closed","template":"","meta":[],"_links":{"self":[{"href":"http:\/\/supervision-michaelschneider.de\/index.php?rest_route=\/wp\/v2\/pages\/7"}],"collection":[{"href":"http:\/\/supervision-michaelschneider.de\/index.php?rest_route=\/wp\/v2\/pages"}],"about":[{"href":"http:\/\/supervision-michaelschneider.de\/index.php?rest_route=\/wp\/v2\/types\/page"}],"author":[{"embeddable":true,"href":"http:\/\/supervision-michaelschneider.de\/index.php?rest_route=\/wp\/v2\/users\/1"}],"replies":[{"embeddable":true,"href":"http:\/\/supervision-michaelschneider.de\/index.php?rest_route=%2Fwp%2Fv2%2Fcomments&post=7"}],"version-history":[{"count":11,"href":"http:\/\/supervision-michaelschneider.de\/index.php?rest_route=\/wp\/v2\/pages\/7\/revisions"}],"predecessor-version":[{"id":127,"href":"http:\/\/supervision-michaelschneider.de\/index.php?rest_route=\/wp\/v2\/pages\/7\/revisions\/127"}],"wp:attachment":[{"href":"http:\/\/supervision-michaelschneider.de\/index.php?rest_route=%2Fwp%2Fv2%2Fmedia&parent=7"}],"curies":[{"name":"wp","href":"https:\/\/api.w.org\/{rel}","templated":true}]}}