{"id":40,"date":"2018-11-29T14:18:53","date_gmt":"2018-11-29T14:18:53","guid":{"rendered":"http:\/\/supervision-michaelschneider.de\/?page_id=40"},"modified":"2018-11-29T22:48:01","modified_gmt":"2018-11-29T22:48:01","slug":"gesang-und-stimmtraining","status":"publish","type":"page","link":"http:\/\/supervision-michaelschneider.de\/?page_id=40","title":{"rendered":"Gesang und Stimmtraining"},"content":{"rendered":"\n<h3>Sprechen und Singen mit Leichtigkeit<br><\/h3>\n\n\n\n<figure class=\"wp-block-image\"><img decoding=\"async\" loading=\"lazy\" width=\"1024\" height=\"685\" src=\"http:\/\/supervision-michaelschneider.de\/wp-content\/uploads\/2018\/11\/conversation-3513843_1920-1024x685.jpg\" alt=\"\" class=\"wp-image-72\" srcset=\"http:\/\/supervision-michaelschneider.de\/wp-content\/uploads\/2018\/11\/conversation-3513843_1920-1024x685.jpg 1024w, http:\/\/supervision-michaelschneider.de\/wp-content\/uploads\/2018\/11\/conversation-3513843_1920-300x201.jpg 300w, http:\/\/supervision-michaelschneider.de\/wp-content\/uploads\/2018\/11\/conversation-3513843_1920-768x514.jpg 768w, http:\/\/supervision-michaelschneider.de\/wp-content\/uploads\/2018\/11\/conversation-3513843_1920.jpg 1920w\" sizes=\"(max-width: 767px) 89vw, (max-width: 1000px) 54vw, (max-width: 1071px) 543px, 580px\" \/><figcaption>Quelle: Pixabay<\/figcaption><\/figure>\n\n\n\n<p>Auf Grundlage der Rabine-Methode, begleite ich S\u00e4ngerinnen und S\u00e4nger auf dem Weg zu einer flexiblen, kraftvollen Stimme. Jeder dieser Wege ist anders und beginnt mit dem, was ein Mensch aus der Erfahrung mit dem Singen mitbringt. Wir k\u00f6nnen darauf vertrauen, dass der K\u00f6rper uns die Richtung zeigt, uns hilft die momentanen Grenzen zu sp\u00fcren und damit weiterzugehen. So entsteht Spa\u00df und Freude am Singen.<\/p>\n\n\n\n<p>Diesen Weg zu gestalten, daf\u00fcr bin ich da.<\/p>\n\n\n\n<h2>&nbsp;<\/h2>\n\n\n\n<h4>Angebote<\/h4>\n\n\n\n<p>Einzelstunden<\/p>\n\n\n\n<ul><li>leichter atmen<\/li><li>die eigene Stimme finden<\/li><li>Stimme kr\u00e4ftigen<\/li><li>den K\u00f6rper als Wegweiser erleben<\/li><li>Lieder erarbeiten &#8211; Emotion und Ausdruck gestalten<\/li><li>interpretieren und experimentieren<\/li><li><em>Probestunde kostenlos<\/em><\/li><\/ul>\n\n\n\n<p><br><br>Workshops<\/p>\n\n\n\n<ul><li>leichter Atmen und Sprechen<\/li><li>Freude am Singen<\/li><li>Improvisation in der Gruppe<\/li><\/ul>\n","protected":false},"excerpt":{"rendered":"<p>Sprechen und Singen mit Leichtigkeit Auf Grundlage der Rabine-Methode, begleite ich S\u00e4ngerinnen und S\u00e4nger auf dem Weg zu einer flexiblen, kraftvollen Stimme. Jeder dieser Wege ist anders und beginnt mit dem, was ein Mensch aus der Erfahrung mit dem Singen mitbringt. Wir k\u00f6nnen darauf vertrauen, dass der K\u00f6rper uns die Richtung zeigt, uns hilft die &hellip; <\/p>\n<p class=\"link-more\"><a href=\"http:\/\/supervision-michaelschneider.de\/?page_id=40\" class=\"more-link\"><span class=\"screen-reader-text\">\u201eGesang und Stimmtraining\u201c<\/span> weiterlesen<\/a><\/p>\n","protected":false},"author":1,"featured_media":0,"parent":0,"menu_order":0,"comment_status":"closed","ping_status":"closed","template":"","meta":[],"_links":{"self":[{"href":"http:\/\/supervision-michaelschneider.de\/index.php?rest_route=\/wp\/v2\/pages\/40"}],"collection":[{"href":"http:\/\/supervision-michaelschneider.de\/index.php?rest_route=\/wp\/v2\/pages"}],"about":[{"href":"http:\/\/supervision-michaelschneider.de\/index.php?rest_route=\/wp\/v2\/types\/page"}],"author":[{"embeddable":true,"href":"http:\/\/supervision-michaelschneider.de\/index.php?rest_route=\/wp\/v2\/users\/1"}],"replies":[{"embeddable":true,"href":"http:\/\/supervision-michaelschneider.de\/index.php?rest_route=%2Fwp%2Fv2%2Fcomments&post=40"}],"version-history":[{"count":5,"href":"http:\/\/supervision-michaelschneider.de\/index.php?rest_route=\/wp\/v2\/pages\/40\/revisions"}],"predecessor-version":[{"id":98,"href":"http:\/\/supervision-michaelschneider.de\/index.php?rest_route=\/wp\/v2\/pages\/40\/revisions\/98"}],"wp:attachment":[{"href":"http:\/\/supervision-michaelschneider.de\/index.php?rest_route=%2Fwp%2Fv2%2Fmedia&parent=40"}],"curies":[{"name":"wp","href":"https:\/\/api.w.org\/{rel}","templated":true}]}}