{"id":38,"date":"2018-11-29T14:18:15","date_gmt":"2018-11-29T14:18:15","guid":{"rendered":"http:\/\/supervision-michaelschneider.de\/?page_id=38"},"modified":"2019-01-10T22:20:47","modified_gmt":"2019-01-10T22:20:47","slug":"focusing","status":"publish","type":"page","link":"http:\/\/supervision-michaelschneider.de\/?page_id=38","title":{"rendered":"Focusing"},"content":{"rendered":"\n<figure class=\"wp-block-image\"><img decoding=\"async\" loading=\"lazy\" width=\"1024\" height=\"683\" src=\"http:\/\/supervision-michaelschneider.de\/wp-content\/uploads\/2018\/11\/hiking-1031383_1920-1024x683.jpg\" alt=\"\" class=\"wp-image-75\" srcset=\"http:\/\/supervision-michaelschneider.de\/wp-content\/uploads\/2018\/11\/hiking-1031383_1920-1024x683.jpg 1024w, http:\/\/supervision-michaelschneider.de\/wp-content\/uploads\/2018\/11\/hiking-1031383_1920-300x200.jpg 300w, http:\/\/supervision-michaelschneider.de\/wp-content\/uploads\/2018\/11\/hiking-1031383_1920-768x512.jpg 768w, http:\/\/supervision-michaelschneider.de\/wp-content\/uploads\/2018\/11\/hiking-1031383_1920.jpg 1920w\" sizes=\"(max-width: 767px) 89vw, (max-width: 1000px) 54vw, (max-width: 1071px) 543px, 580px\" \/><figcaption>Quelle: Pixabay<\/figcaption><\/figure>\n\n\n\n<h2>The Order Of Carrying Forward<\/h2>\n\n\n\n<p>Von den vielen Werkzeugen des Coachings liegt mir Focusing am meisten am Herzen.<\/p>\n\n\n\n<p>Verweilen mit dem, was gerade k\u00f6rperlich sp\u00fcrbar ist, aber noch nicht ausgedr\u00fcckt werden kann, das ist der Kern von Focusing. Entwickelt hat diese Methode Gene Gendlin (1926-2017), Philosoph und Psychotherapeut, indem er f\u00fcr Carl Rogers hunderte Gespr\u00e4chsprotokolle auswertete und dabei bemerkte, dass hilfreiche Schritte immer dann stattfanden, wenn die Personen in einer bestimmten Art und Weise mit sich im Kontakt waren. Daraus entwickelte er Focusing, entdeckte das Ph\u00e4nomen des Felt Sense und die Fortsetzungsordnung (order of carrying forward).<\/p>\n\n\n\n<h2>Der K\u00f6rper impliziert den n\u00e4chsten Schritt<\/h2>\n\n\n\n<p>Erleben Sie, wie der K\u00f6rper eine Situation wahrnimmt. Lassen Sie sich auf das ein, was sie schon immer gesp\u00fcrt haben und keine Worte daf\u00fcr gefunden haben. Finden Sie neue, frische L\u00f6sungsschritte, die implizit schon da sind und in einer stimmigen Weise ihren Weg fortsetzen.<\/p>\n\n\n\n<h2>Angebote<\/h2>\n\n\n\n<p><br>Einzelberatung f\u00fcr<\/p>\n\n\n\n<ul><li>pers\u00f6nliche Themen, die eine stimmige L\u00f6sung brauchen<\/li><li>Entscheidungen<\/li><li>festgefahrene Situationen<\/li><li>Bedeutungen finden f\u00fcr das &#8222;komische Gef\u00fchl im Bauch&#8220;<\/li><\/ul>\n\n\n\n<p><br><br>Workshops f\u00fcr Gruppen und Konferenzteilnehmer<\/p>\n\n\n\n<ul><li>Entspannung, Auszeit &#8211; etwas f\u00fcr sich selbst tun<\/li><li>Innere Ruhe finden &#8211; Anhalten im Alltag<\/li><li>Freiraum schaffen &#8211; Erkennen was jetzt wichtig ist<\/li><li>Ein Thema f\u00fcr sich selbst weiterentwickeln (z.B. Thema der Tagung)<\/li><li>Thinking At The Edge (TAE)<\/li><\/ul>\n\n\n\n<p><br>Focusing-Einsteigerkurs (20 Stunden)<\/p>\n\n\n\n<ul><li>Grundhaltung im Focusing<\/li><li>Die sechs Focusing-Grundschritte<\/li><li>Innere Achtsamkeit<\/li><li>Freiraum schaffen<\/li><li>Felt Sense<\/li><li>Begleiten und Zuh\u00f6ren<\/li><\/ul>\n","protected":false},"excerpt":{"rendered":"<p>The Order Of Carrying Forward Von den vielen Werkzeugen des Coachings liegt mir Focusing am meisten am Herzen. Verweilen mit dem, was gerade k\u00f6rperlich sp\u00fcrbar ist, aber noch nicht ausgedr\u00fcckt werden kann, das ist der Kern von Focusing. Entwickelt hat diese Methode Gene Gendlin (1926-2017), Philosoph und Psychotherapeut, indem er f\u00fcr Carl Rogers hunderte Gespr\u00e4chsprotokolle &hellip; <\/p>\n<p class=\"link-more\"><a href=\"http:\/\/supervision-michaelschneider.de\/?page_id=38\" class=\"more-link\"><span class=\"screen-reader-text\">\u201eFocusing\u201c<\/span> weiterlesen<\/a><\/p>\n","protected":false},"author":1,"featured_media":0,"parent":0,"menu_order":0,"comment_status":"closed","ping_status":"closed","template":"","meta":[],"_links":{"self":[{"href":"http:\/\/supervision-michaelschneider.de\/index.php?rest_route=\/wp\/v2\/pages\/38"}],"collection":[{"href":"http:\/\/supervision-michaelschneider.de\/index.php?rest_route=\/wp\/v2\/pages"}],"about":[{"href":"http:\/\/supervision-michaelschneider.de\/index.php?rest_route=\/wp\/v2\/types\/page"}],"author":[{"embeddable":true,"href":"http:\/\/supervision-michaelschneider.de\/index.php?rest_route=\/wp\/v2\/users\/1"}],"replies":[{"embeddable":true,"href":"http:\/\/supervision-michaelschneider.de\/index.php?rest_route=%2Fwp%2Fv2%2Fcomments&post=38"}],"version-history":[{"count":5,"href":"http:\/\/supervision-michaelschneider.de\/index.php?rest_route=\/wp\/v2\/pages\/38\/revisions"}],"predecessor-version":[{"id":132,"href":"http:\/\/supervision-michaelschneider.de\/index.php?rest_route=\/wp\/v2\/pages\/38\/revisions\/132"}],"wp:attachment":[{"href":"http:\/\/supervision-michaelschneider.de\/index.php?rest_route=%2Fwp%2Fv2%2Fmedia&parent=38"}],"curies":[{"name":"wp","href":"https:\/\/api.w.org\/{rel}","templated":true}]}}